{"id":26,"date":"2026-03-03T19:55:33","date_gmt":"2026-03-04T00:55:33","guid":{"rendered":"https:\/\/cms.auratravelexperience.com\/inicio\/"},"modified":"2026-03-20T18:21:01","modified_gmt":"2026-03-20T23:21:01","slug":"inicio","status":"publish","type":"page","link":"https:\/\/cms.auratravelexperience.com\/pt-br\/","title":{"rendered":"Inicio"},"content":{"rendered":"\n<p><\/p>\n\n\n\n<p><\/p>\n\n\n\n<p><\/p>\n","protected":false},"excerpt":{"rendered":"","protected":false},"author":1,"featured_media":0,"parent":0,"menu_order":0,"comment_status":"closed","ping_status":"closed","template":"","meta":{"_acf_changed":false,"advgb_blocks_editor_width":"","advgb_blocks_columns_visual_guide":"","footnotes":""},"class_list":["post-26","page","type-page","status-publish","hentry"],"acf":[],"yoast_head":"<!-- This site is optimized with the Yoast SEO plugin v27.2 - https:\/\/yoast.com\/product\/yoast-seo-wordpress\/ -->\n<title>Pacotes para o Peru 2026 | Machu Picchu, Cusco e Amaz\u00f4nia<\/title>\n<meta name=\"description\" content=\"Explore o Peru em 2026 com pacotes personalizados. Visite Machu Picchu, Cusco e a Amaz\u00f4nia com guias locais e experi\u00eancias inesquec\u00edveis.\" \/>\n<meta name=\"robots\" content=\"noindex, follow, max-snippet:-1, max-image-preview:large, max-video-preview:-1\" \/>\n<meta property=\"og:locale\" content=\"pt_BR\" \/>\n<meta property=\"og:type\" content=\"article\" \/>\n<meta property=\"og:title\" content=\"Pacotes para o Peru 2026 | Machu Picchu, Cusco e Amaz\u00f4nia\" \/>\n<meta property=\"og:description\" content=\"Explore o Peru em 2026 com pacotes personalizados. Visite Machu Picchu, Cusco e a Amaz\u00f4nia com guias locais e experi\u00eancias inesquec\u00edveis.\" \/>\n<meta property=\"og:url\" content=\"https:\/\/cms.auratravelexperience.com\/pt-br\/\" \/>\n<meta property=\"og:site_name\" content=\"Aura Travel Experiences\" \/>\n<meta property=\"article:modified_time\" content=\"2026-03-20T23:21:01+00:00\" \/>\n<meta name=\"twitter:card\" content=\"summary_large_image\" \/>\n<script type=\"application\/ld+json\" class=\"yoast-schema-graph\">{\"@context\":\"https:\/\/schema.org\",\"@graph\":[{\"@type\":\"WebPage\",\"@id\":\"https:\/\/cms.auratravelexperience.com\/pt-br\/\",\"url\":\"https:\/\/cms.auratravelexperience.com\/pt-br\/\",\"name\":\"Pacotes para o Peru 2026 | Machu Picchu, Cusco e Amaz\u00f4nia\",\"isPartOf\":{\"@id\":\"https:\/\/cms.auratravelexperience.com\/pt-br\/#website\"},\"datePublished\":\"2026-03-04T00:55:33+00:00\",\"dateModified\":\"2026-03-20T23:21:01+00:00\",\"description\":\"Explore o Peru em 2026 com pacotes personalizados. Visite Machu Picchu, Cusco e a Amaz\u00f4nia com guias locais e experi\u00eancias inesquec\u00edveis.\",\"breadcrumb\":{\"@id\":\"https:\/\/cms.auratravelexperience.com\/pt-br\/#breadcrumb\"},\"inLanguage\":\"pt-BR\",\"potentialAction\":[{\"@type\":\"ReadAction\",\"target\":[\"https:\/\/cms.auratravelexperience.com\/pt-br\/\"]}]},{\"@type\":\"BreadcrumbList\",\"@id\":\"https:\/\/cms.auratravelexperience.com\/pt-br\/#breadcrumb\",\"itemListElement\":[{\"@type\":\"ListItem\",\"position\":1,\"name\":\"Portada\",\"item\":\"https:\/\/cms.auratravelexperience.com\/pt-br\/\"},{\"@type\":\"ListItem\",\"position\":2,\"name\":\"Inicio\"}]},{\"@type\":\"WebSite\",\"@id\":\"https:\/\/cms.auratravelexperience.com\/pt-br\/#website\",\"url\":\"https:\/\/cms.auratravelexperience.com\/pt-br\/\",\"name\":\"Aura Travel Experiences\",\"description\":\"\",\"publisher\":{\"@id\":\"https:\/\/cms.auratravelexperience.com\/pt-br\/#organization\"},\"potentialAction\":[{\"@type\":\"SearchAction\",\"target\":{\"@type\":\"EntryPoint\",\"urlTemplate\":\"https:\/\/cms.auratravelexperience.com\/pt-br\/?s={search_term_string}\"},\"query-input\":{\"@type\":\"PropertyValueSpecification\",\"valueRequired\":true,\"valueName\":\"search_term_string\"}}],\"inLanguage\":\"pt-BR\"},{\"@type\":\"Organization\",\"@id\":\"https:\/\/cms.auratravelexperience.com\/pt-br\/#organization\",\"name\":\"Aura Travel Experiences\",\"url\":\"https:\/\/cms.auratravelexperience.com\/pt-br\/\",\"logo\":{\"@type\":\"ImageObject\",\"inLanguage\":\"pt-BR\",\"@id\":\"https:\/\/cms.auratravelexperience.com\/pt-br\/#\/schema\/logo\/image\/\",\"url\":\"https:\/\/cms.auratravelexperience.com\/wp-content\/uploads\/2026\/03\/logo-aura.png\",\"contentUrl\":\"https:\/\/cms.auratravelexperience.com\/wp-content\/uploads\/2026\/03\/logo-aura.png\",\"width\":500,\"height\":245,\"caption\":\"Aura Travel Experiences\"},\"image\":{\"@id\":\"https:\/\/cms.auratravelexperience.com\/pt-br\/#\/schema\/logo\/image\/\"}}]}<\/script>\n<!-- \/ Yoast SEO plugin. -->","yoast_head_json":{"title":"Pacotes para o Peru 2026 | Machu Picchu, Cusco e Amaz\u00f4nia","description":"Explore o Peru em 2026 com pacotes personalizados. Visite Machu Picchu, Cusco e a Amaz\u00f4nia com guias locais e experi\u00eancias inesquec\u00edveis.","robots":{"index":"noindex","follow":"follow","max-snippet":"max-snippet:-1","max-image-preview":"max-image-preview:large","max-video-preview":"max-video-preview:-1"},"og_locale":"pt_BR","og_type":"article","og_title":"Pacotes para o Peru 2026 | Machu Picchu, Cusco e Amaz\u00f4nia","og_description":"Explore o Peru em 2026 com pacotes personalizados. Visite Machu Picchu, Cusco e a Amaz\u00f4nia com guias locais e experi\u00eancias inesquec\u00edveis.","og_url":"https:\/\/cms.auratravelexperience.com\/pt-br\/","og_site_name":"Aura Travel Experiences","article_modified_time":"2026-03-20T23:21:01+00:00","twitter_card":"summary_large_image","schema":{"@context":"https:\/\/schema.org","@graph":[{"@type":"WebPage","@id":"https:\/\/cms.auratravelexperience.com\/pt-br\/","url":"https:\/\/cms.auratravelexperience.com\/pt-br\/","name":"Pacotes para o Peru 2026 | Machu Picchu, Cusco e Amaz\u00f4nia","isPartOf":{"@id":"https:\/\/cms.auratravelexperience.com\/pt-br\/#website"},"datePublished":"2026-03-04T00:55:33+00:00","dateModified":"2026-03-20T23:21:01+00:00","description":"Explore o Peru em 2026 com pacotes personalizados. Visite Machu Picchu, Cusco e a Amaz\u00f4nia com guias locais e experi\u00eancias inesquec\u00edveis.","breadcrumb":{"@id":"https:\/\/cms.auratravelexperience.com\/pt-br\/#breadcrumb"},"inLanguage":"pt-BR","potentialAction":[{"@type":"ReadAction","target":["https:\/\/cms.auratravelexperience.com\/pt-br\/"]}]},{"@type":"BreadcrumbList","@id":"https:\/\/cms.auratravelexperience.com\/pt-br\/#breadcrumb","itemListElement":[{"@type":"ListItem","position":1,"name":"Portada","item":"https:\/\/cms.auratravelexperience.com\/pt-br\/"},{"@type":"ListItem","position":2,"name":"Inicio"}]},{"@type":"WebSite","@id":"https:\/\/cms.auratravelexperience.com\/pt-br\/#website","url":"https:\/\/cms.auratravelexperience.com\/pt-br\/","name":"Aura Travel Experiences","description":"","publisher":{"@id":"https:\/\/cms.auratravelexperience.com\/pt-br\/#organization"},"potentialAction":[{"@type":"SearchAction","target":{"@type":"EntryPoint","urlTemplate":"https:\/\/cms.auratravelexperience.com\/pt-br\/?s={search_term_string}"},"query-input":{"@type":"PropertyValueSpecification","valueRequired":true,"valueName":"search_term_string"}}],"inLanguage":"pt-BR"},{"@type":"Organization","@id":"https:\/\/cms.auratravelexperience.com\/pt-br\/#organization","name":"Aura Travel Experiences","url":"https:\/\/cms.auratravelexperience.com\/pt-br\/","logo":{"@type":"ImageObject","inLanguage":"pt-BR","@id":"https:\/\/cms.auratravelexperience.com\/pt-br\/#\/schema\/logo\/image\/","url":"https:\/\/cms.auratravelexperience.com\/wp-content\/uploads\/2026\/03\/logo-aura.png","contentUrl":"https:\/\/cms.auratravelexperience.com\/wp-content\/uploads\/2026\/03\/logo-aura.png","width":500,"height":245,"caption":"Aura Travel Experiences"},"image":{"@id":"https:\/\/cms.auratravelexperience.com\/pt-br\/#\/schema\/logo\/image\/"}}]}},"coauthors":[],"author_meta":{"author_link":"https:\/\/cms.auratravelexperience.com\/pt-br\/author\/admin_aura\/","display_name":"admin_aura"},"relative_dates":{"created":"Publicado 2 meses atr\u00e1s","modified":"Atualizado 2 meses atr\u00e1s"},"absolute_dates":{"created":"Publicado em 3 de mar\u00e7o de 2026","modified":"Atualizado em 20 de mar\u00e7o de 2026"},"absolute_dates_time":{"created":"Publicado em 3 de mar\u00e7o de 2026 19:55","modified":"Atualizado em 20 de mar\u00e7o de 2026 18:21"},"featured_img_caption":"","featured_img":false,"series_order":"","featured_image_url":null,"_links":{"self":[{"href":"https:\/\/cms.auratravelexperience.com\/pt-br\/wp-json\/wp\/v2\/pages\/26","targetHints":{"allow":["GET"]}}],"collection":[{"href":"https:\/\/cms.auratravelexperience.com\/pt-br\/wp-json\/wp\/v2\/pages"}],"about":[{"href":"https:\/\/cms.auratravelexperience.com\/pt-br\/wp-json\/wp\/v2\/types\/page"}],"author":[{"embeddable":true,"href":"https:\/\/cms.auratravelexperience.com\/pt-br\/wp-json\/wp\/v2\/users\/1"}],"replies":[{"embeddable":true,"href":"https:\/\/cms.auratravelexperience.com\/pt-br\/wp-json\/wp\/v2\/comments?post=26"}],"version-history":[{"count":2,"href":"https:\/\/cms.auratravelexperience.com\/pt-br\/wp-json\/wp\/v2\/pages\/26\/revisions"}],"predecessor-version":[{"id":173,"href":"https:\/\/cms.auratravelexperience.com\/pt-br\/wp-json\/wp\/v2\/pages\/26\/revisions\/173"}],"wp:attachment":[{"href":"https:\/\/cms.auratravelexperience.com\/pt-br\/wp-json\/wp\/v2\/media?parent=26"}],"curies":[{"name":"wp","href":"https:\/\/api.w.org\/{rel}","templated":true}]}}