{"id":11,"date":"2026-03-03T19:55:33","date_gmt":"2026-03-04T00:55:33","guid":{"rendered":"https:\/\/cms.auratravelexperience.com\/?page_id=11"},"modified":"2026-03-20T18:19:30","modified_gmt":"2026-03-20T23:19:30","slug":"inicio","status":"publish","type":"page","link":"https:\/\/cms.auratravelexperience.com\/es\/","title":{"rendered":"Inicio"},"content":{"rendered":"\n<p><\/p>\n\n\n\n<p><\/p>\n\n\n\n<p><\/p>\n","protected":false},"excerpt":{"rendered":"","protected":false},"author":1,"featured_media":0,"parent":0,"menu_order":0,"comment_status":"closed","ping_status":"closed","template":"","meta":{"_acf_changed":false,"advgb_blocks_editor_width":"","advgb_blocks_columns_visual_guide":"","footnotes":""},"class_list":["post-11","page","type-page","status-publish","hentry"],"acf":[],"yoast_head":"<!-- This site is optimized with the Yoast SEO plugin v27.2 - https:\/\/yoast.com\/product\/yoast-seo-wordpress\/ -->\n<title>Paquetes a Per\u00fa 2026 Todo Incluido | Machu Picchu y Cusco<\/title>\n<meta name=\"description\" content=\"Explora Per\u00fa con paquetes todo incluido 2026. Vive Machu Picchu, Cusco y la Amazon\u00eda con experiencias \u00fanicas, seguras y personalizadas.\" \/>\n<meta name=\"robots\" content=\"noindex, follow, max-snippet:-1, max-image-preview:large, max-video-preview:-1\" \/>\n<meta property=\"og:locale\" content=\"es_ES\" \/>\n<meta property=\"og:type\" content=\"article\" \/>\n<meta property=\"og:title\" content=\"Paquetes a Per\u00fa 2026 Todo Incluido | Machu Picchu y Cusco\" \/>\n<meta property=\"og:description\" content=\"Explora Per\u00fa con paquetes todo incluido 2026. Vive Machu Picchu, Cusco y la Amazon\u00eda con experiencias \u00fanicas, seguras y personalizadas.\" \/>\n<meta property=\"og:url\" content=\"https:\/\/cms.auratravelexperience.com\/es\/\" \/>\n<meta property=\"og:site_name\" content=\"Aura Travel Experiences\" \/>\n<meta property=\"article:modified_time\" content=\"2026-03-20T23:19:30+00:00\" \/>\n<meta name=\"twitter:card\" content=\"summary_large_image\" \/>\n<script type=\"application\/ld+json\" class=\"yoast-schema-graph\">{\"@context\":\"https:\/\/schema.org\",\"@graph\":[{\"@type\":\"WebPage\",\"@id\":\"https:\/\/cms.auratravelexperience.com\/es\/\",\"url\":\"https:\/\/cms.auratravelexperience.com\/es\/\",\"name\":\"Paquetes a Per\u00fa 2026 Todo Incluido | Machu Picchu y Cusco\",\"isPartOf\":{\"@id\":\"https:\/\/cms.auratravelexperience.com\/es\/#website\"},\"datePublished\":\"2026-03-04T00:55:33+00:00\",\"dateModified\":\"2026-03-20T23:19:30+00:00\",\"description\":\"Explora Per\u00fa con paquetes todo incluido 2026. Vive Machu Picchu, Cusco y la Amazon\u00eda con experiencias \u00fanicas, seguras y personalizadas.\",\"breadcrumb\":{\"@id\":\"https:\/\/cms.auratravelexperience.com\/es\/#breadcrumb\"},\"inLanguage\":\"es\",\"potentialAction\":[{\"@type\":\"ReadAction\",\"target\":[\"https:\/\/cms.auratravelexperience.com\/es\/\"]}]},{\"@type\":\"BreadcrumbList\",\"@id\":\"https:\/\/cms.auratravelexperience.com\/es\/#breadcrumb\",\"itemListElement\":[{\"@type\":\"ListItem\",\"position\":1,\"name\":\"Portada\",\"item\":\"https:\/\/cms.auratravelexperience.com\/es\/\"},{\"@type\":\"ListItem\",\"position\":2,\"name\":\"Inicio\"}]},{\"@type\":\"WebSite\",\"@id\":\"https:\/\/cms.auratravelexperience.com\/es\/#website\",\"url\":\"https:\/\/cms.auratravelexperience.com\/es\/\",\"name\":\"Aura Travel Experiences\",\"description\":\"\",\"publisher\":{\"@id\":\"https:\/\/cms.auratravelexperience.com\/es\/#organization\"},\"potentialAction\":[{\"@type\":\"SearchAction\",\"target\":{\"@type\":\"EntryPoint\",\"urlTemplate\":\"https:\/\/cms.auratravelexperience.com\/es\/?s={search_term_string}\"},\"query-input\":{\"@type\":\"PropertyValueSpecification\",\"valueRequired\":true,\"valueName\":\"search_term_string\"}}],\"inLanguage\":\"es\"},{\"@type\":\"Organization\",\"@id\":\"https:\/\/cms.auratravelexperience.com\/es\/#organization\",\"name\":\"Aura Travel Experiences\",\"url\":\"https:\/\/cms.auratravelexperience.com\/es\/\",\"logo\":{\"@type\":\"ImageObject\",\"inLanguage\":\"es\",\"@id\":\"https:\/\/cms.auratravelexperience.com\/es\/#\/schema\/logo\/image\/\",\"url\":\"https:\/\/cms.auratravelexperience.com\/wp-content\/uploads\/2026\/03\/logo-aura.png\",\"contentUrl\":\"https:\/\/cms.auratravelexperience.com\/wp-content\/uploads\/2026\/03\/logo-aura.png\",\"width\":500,\"height\":245,\"caption\":\"Aura Travel Experiences\"},\"image\":{\"@id\":\"https:\/\/cms.auratravelexperience.com\/es\/#\/schema\/logo\/image\/\"}}]}<\/script>\n<!-- \/ Yoast SEO plugin. -->","yoast_head_json":{"title":"Paquetes a Per\u00fa 2026 Todo Incluido | Machu Picchu y Cusco","description":"Explora Per\u00fa con paquetes todo incluido 2026. Vive Machu Picchu, Cusco y la Amazon\u00eda con experiencias \u00fanicas, seguras y personalizadas.","robots":{"index":"noindex","follow":"follow","max-snippet":"max-snippet:-1","max-image-preview":"max-image-preview:large","max-video-preview":"max-video-preview:-1"},"og_locale":"es_ES","og_type":"article","og_title":"Paquetes a Per\u00fa 2026 Todo Incluido | Machu Picchu y Cusco","og_description":"Explora Per\u00fa con paquetes todo incluido 2026. Vive Machu Picchu, Cusco y la Amazon\u00eda con experiencias \u00fanicas, seguras y personalizadas.","og_url":"https:\/\/cms.auratravelexperience.com\/es\/","og_site_name":"Aura Travel Experiences","article_modified_time":"2026-03-20T23:19:30+00:00","twitter_card":"summary_large_image","schema":{"@context":"https:\/\/schema.org","@graph":[{"@type":"WebPage","@id":"https:\/\/cms.auratravelexperience.com\/es\/","url":"https:\/\/cms.auratravelexperience.com\/es\/","name":"Paquetes a Per\u00fa 2026 Todo Incluido | Machu Picchu y Cusco","isPartOf":{"@id":"https:\/\/cms.auratravelexperience.com\/es\/#website"},"datePublished":"2026-03-04T00:55:33+00:00","dateModified":"2026-03-20T23:19:30+00:00","description":"Explora Per\u00fa con paquetes todo incluido 2026. Vive Machu Picchu, Cusco y la Amazon\u00eda con experiencias \u00fanicas, seguras y personalizadas.","breadcrumb":{"@id":"https:\/\/cms.auratravelexperience.com\/es\/#breadcrumb"},"inLanguage":"es","potentialAction":[{"@type":"ReadAction","target":["https:\/\/cms.auratravelexperience.com\/es\/"]}]},{"@type":"BreadcrumbList","@id":"https:\/\/cms.auratravelexperience.com\/es\/#breadcrumb","itemListElement":[{"@type":"ListItem","position":1,"name":"Portada","item":"https:\/\/cms.auratravelexperience.com\/es\/"},{"@type":"ListItem","position":2,"name":"Inicio"}]},{"@type":"WebSite","@id":"https:\/\/cms.auratravelexperience.com\/es\/#website","url":"https:\/\/cms.auratravelexperience.com\/es\/","name":"Aura Travel Experiences","description":"","publisher":{"@id":"https:\/\/cms.auratravelexperience.com\/es\/#organization"},"potentialAction":[{"@type":"SearchAction","target":{"@type":"EntryPoint","urlTemplate":"https:\/\/cms.auratravelexperience.com\/es\/?s={search_term_string}"},"query-input":{"@type":"PropertyValueSpecification","valueRequired":true,"valueName":"search_term_string"}}],"inLanguage":"es"},{"@type":"Organization","@id":"https:\/\/cms.auratravelexperience.com\/es\/#organization","name":"Aura Travel Experiences","url":"https:\/\/cms.auratravelexperience.com\/es\/","logo":{"@type":"ImageObject","inLanguage":"es","@id":"https:\/\/cms.auratravelexperience.com\/es\/#\/schema\/logo\/image\/","url":"https:\/\/cms.auratravelexperience.com\/wp-content\/uploads\/2026\/03\/logo-aura.png","contentUrl":"https:\/\/cms.auratravelexperience.com\/wp-content\/uploads\/2026\/03\/logo-aura.png","width":500,"height":245,"caption":"Aura Travel Experiences"},"image":{"@id":"https:\/\/cms.auratravelexperience.com\/es\/#\/schema\/logo\/image\/"}}]}},"coauthors":[],"author_meta":{"author_link":"https:\/\/cms.auratravelexperience.com\/es\/author\/admin_aura\/","display_name":"admin_aura"},"relative_dates":{"created":"Publicado 2 meses hace","modified":"Actualizado 2 meses hace"},"absolute_dates":{"created":"Publicado el 3 de marzo de 2026","modified":"Actualizado el 20 de marzo de 2026"},"absolute_dates_time":{"created":"Publicado el 3 de marzo de 2026 19:55","modified":"Actualizado el 20 de marzo de 2026 18:19"},"featured_img_caption":"","featured_img":false,"series_order":"","featured_image_url":null,"_links":{"self":[{"href":"https:\/\/cms.auratravelexperience.com\/es\/wp-json\/wp\/v2\/pages\/11","targetHints":{"allow":["GET"]}}],"collection":[{"href":"https:\/\/cms.auratravelexperience.com\/es\/wp-json\/wp\/v2\/pages"}],"about":[{"href":"https:\/\/cms.auratravelexperience.com\/es\/wp-json\/wp\/v2\/types\/page"}],"author":[{"embeddable":true,"href":"https:\/\/cms.auratravelexperience.com\/es\/wp-json\/wp\/v2\/users\/1"}],"replies":[{"embeddable":true,"href":"https:\/\/cms.auratravelexperience.com\/es\/wp-json\/wp\/v2\/comments?post=11"}],"version-history":[{"count":3,"href":"https:\/\/cms.auratravelexperience.com\/es\/wp-json\/wp\/v2\/pages\/11\/revisions"}],"predecessor-version":[{"id":172,"href":"https:\/\/cms.auratravelexperience.com\/es\/wp-json\/wp\/v2\/pages\/11\/revisions\/172"}],"wp:attachment":[{"href":"https:\/\/cms.auratravelexperience.com\/es\/wp-json\/wp\/v2\/media?parent=11"}],"curies":[{"name":"wp","href":"https:\/\/api.w.org\/{rel}","templated":true}]}}